{"id":3786,"date":"2024-04-17T09:04:23","date_gmt":"2024-04-17T09:04:23","guid":{"rendered":"https:\/\/zwackexport.hu\/?page_id=3786"},"modified":"2024-12-10T11:46:38","modified_gmt":"2024-12-10T11:46:38","slug":"kapcsolat","status":"publish","type":"page","link":"https:\/\/zwackexport.hu\/en\/kapcsolat\/","title":{"rendered":"Contact"},"content":{"rendered":"\n\t\t<div id=\"fws_69ecdd2ae4bcf\"  data-column-margin=\"default\" data-midnight=\"dark\" data-top-percent=\"2%\"  class=\"wpb_row vc_row-fluid vc_row vc_row-o-equal-height vc_row-flex\"  style=\"padding-top: calc(100vw * 0.02); padding-bottom: 0px; \"><div class=\"row-bg-wrap\" data-bg-animation=\"none\" data-bg-animation-delay=\"\" data-bg-overlay=\"false\"><div class=\"inner-wrap row-bg-layer\" ><div class=\"row-bg viewport-desktop\"  style=\"\"><\/div><\/div><\/div><div class=\"row_col_wrap_12 col span_12 dark left\">\n\t<div  class=\"vc_col-sm-8 wpb_column column_container vc_column_container col no-extra-padding inherit_tablet inherit_phone \"  data-padding-pos=\"all\" data-has-bg-color=\"false\" data-bg-color=\"\" data-bg-opacity=\"1\" data-animation=\"\" data-delay=\"0\" >\n\t\t<div class=\"vc_column-inner\" >\n\t\t\t<div class=\"wpb_wrapper\">\n\t\t\t\t<div class=\"nectar-fancy-ul font_size_desktop_18px font_line_height_2px\" data-list-icon=\"fa fa-plus-circle\" data-animation=\"true\" data-animation-delay=\"500\" data-color=\"extra-color-3\" data-spacing=\"default\" data-alignment=\"left\"> <strong>K\u00f6sz\u00f6nj\u00fck \u00e9rdekl\u0151d\u00e9s\u00e9t v\u00e1llalatunk \u00e9s term\u00e9keink ir\u00e1nt, k\u00e9rj\u00fck, olvassa el r\u00f6vid t\u00e1j\u00e9koztat\u00f3nkat a lehets\u00e9ges egy\u00fcttm\u0171k\u00f6d\u00e9s felt\u00e9teleir\u0151l!<\/strong> <\/div><div class=\"nectar-fancy-ul\" data-list-icon=\"fa fa-plus-circle\" data-animation=\"true\" data-animation-delay=\"500\" data-color=\"extra-color-3\" data-spacing=\"default\" data-alignment=\"left\"> &nbsp;<\/p>\n<p>&nbsp;<\/p>\n<ul>\n<li><strong>C\u00e9lunk a hossz\u00fat\u00e1v\u00fa egy\u00fcttm\u0171k\u00f6d\u00e9s kialak\u00edt\u00e1sa, melyhez elengedhetetlen az elk\u00f6telezetts\u00e9g, piacismeret \u00e9s megb\u00edzhat\u00f3s\u00e1g<\/strong><\/li>\n<li><strong>Kiz\u00e1r\u00f3lagos partnerekkel dolgozunk, \u00edgy k\u00e9rj\u00fck \u00e9rdekl\u0151d\u00e9s el\u0151tt t\u00e1j\u00e9koz\u00f3djon az aktu\u00e1lis partnereink fel\u0151l, a \u201e<a href=\"\/partnereink\/\">Partnereink<\/a>\u201d men\u00fcpont alatt<\/strong><\/li>\n<li><strong>Term\u00e9keink alkoholt tartalmaznak, j\u00f6ved\u00e9ki szab\u00e1lyoz\u00e1s hat\u00e1lya al\u00e1 tartoznak, \u00edgy leend\u0151 partnereinknek rendelkeznie kell a sz\u00fcks\u00e9ges enged\u00e9lyekkel \u00e9s jogosults\u00e1ggal<\/strong><\/li>\n<li><strong>Az adott orsz\u00e1g helyi jogszab\u00e1ly el\u0151\u00edr\u00e1sainak ismerete, valamint azoknak val\u00f3 megfelel\u00e9s disztrib\u00fatoraink felel\u0151ss\u00e9ge!<\/strong><\/li>\n<li><strong>Ragaszkodunk a felel\u0151ss\u00e9gteljes alkoholfogyaszt\u00e1s k\u00f6vetelm\u00e9nyeinek val\u00f3 megfelel\u00e9shez<\/strong><\/li>\n<li><strong>Aktu\u00e1lis k\u00edn\u00e1latunkr\u00f3l k\u00e9rj\u00fck, t\u00e1j\u00e9koz\u00f3djon a \u201e<a href=\"\/markaink\">M\u00e1rk\u00e1ink<\/a>\u201d men\u00fcpont alatt<\/strong><\/li>\n<\/ul>\n <\/div>\n\t\t\t<\/div> \n\t\t<\/div>\n\t<\/div> \n\n\t<div style=\"\" class=\"vc_col-sm-4 wpb_column column_container vc_column_container col no-extra-padding inherit_tablet inherit_phone \" data-using-bg=\"true\" data-padding-pos=\"all\" data-has-bg-color=\"false\" data-bg-color=\"\" data-bg-opacity=\"1\" data-animation=\"\" data-delay=\"0\" >\n\t\t<div class=\"vc_column-inner\" ><div class=\"column-image-bg-wrap column-bg-layer viewport-desktop\" data-bg-pos=\"center center\" data-bg-animation=\"none\" data-bg-overlay=\"false\"><div class=\"inner-wrap\"><div class=\"column-image-bg\" style=\" background-image: url('https:\/\/zwackexport.hu\/wp-content\/uploads\/2024\/10\/DSC_7899.jpg'); \"><\/div><\/div><\/div>\n\t\t\t<div class=\"wpb_wrapper\">\n\t\t\t\t\n\t\t\t<\/div> \n\t\t<\/div>\n\t<\/div> \n<\/div><\/div>\n\t\t<div id=\"fws_69ecdd2ae5dab\"  data-column-margin=\"default\" data-midnight=\"dark\"  class=\"wpb_row vc_row-fluid vc_row\"  style=\"padding-top: 0px; padding-bottom: 0px; \"><div class=\"row-bg-wrap\" data-bg-animation=\"none\" data-bg-animation-delay=\"\" data-bg-overlay=\"false\"><div class=\"inner-wrap row-bg-layer\" ><div class=\"row-bg viewport-desktop\"  style=\"\"><\/div><\/div><\/div><div class=\"row_col_wrap_12 col span_12 dark left\">\n\t<div  class=\"vc_col-sm-12 wpb_column column_container vc_column_container col no-extra-padding inherit_tablet inherit_phone \"  data-padding-pos=\"all\" data-has-bg-color=\"false\" data-bg-color=\"\" data-bg-opacity=\"1\" data-animation=\"\" data-delay=\"0\" >\n\t\t<div class=\"vc_column-inner\" >\n\t\t\t<div class=\"wpb_wrapper\">\n\t\t\t\t\n<div class=\"wpb_text_column wpb_content_element \" >\n\t<div class=\"wpb_wrapper\">\n\t\t<p><strong>Amennyiben felkeltett\u00fck \u00e9rdekl\u0151d\u00e9s\u00e9t, v\u00e1rjuk jelentkez\u00e9s\u00e9t az al\u00e1bbi el\u00e9rhet\u0151s\u00e9gek egyik\u00e9n:<\/strong><\/p>\n\t<\/div>\n<\/div>\n\n\n\n\n\t\t\t<\/div> \n\t\t<\/div>\n\t<\/div> \n<\/div><\/div>\n\t\t<div id=\"fws_69ecdd2ae6440\"  data-column-margin=\"default\" data-midnight=\"dark\" data-bottom-percent=\"2%\"  class=\"wpb_row vc_row-fluid vc_row full-width-section vc_row-o-equal-height vc_row-flex vc_row-o-content-top\"  style=\"padding-top: 0px; padding-bottom: calc(100vw * 0.02); \"><div class=\"row-bg-wrap\" data-bg-animation=\"none\" data-bg-animation-delay=\"\" data-bg-overlay=\"false\"><div class=\"inner-wrap row-bg-layer\" ><div class=\"row-bg viewport-desktop using-bg-color\"  style=\"background-color: #ffffff; \"><\/div><\/div><\/div><div class=\"row_col_wrap_12 col span_12 dark left\">\n\t<div  class=\"vc_col-sm-6 wpb_column column_container vc_column_container col no-extra-padding inherit_tablet inherit_phone \"  data-padding-pos=\"all\" data-has-bg-color=\"false\" data-bg-color=\"\" data-bg-opacity=\"1\" data-animation=\"\" data-delay=\"0\" >\n\t\t<div class=\"vc_column-inner\" >\n\t\t\t<div class=\"wpb_wrapper\">\n\t\t\t\t\n<div class=\"wpb_text_column wpb_content_element \" >\n\t<div class=\"wpb_wrapper\">\n\t\t<h3>Vegye fel vel\u00fcnk a kapcsolatot!<\/h3>\n\t<\/div>\n<\/div>\n\n\n\n<div class=\"wpforms-container wpforms-container-full\" id=\"wpforms-3787\"><form id=\"wpforms-form-3787\" class=\"wpforms-validate wpforms-form\" data-formid=\"3787\" method=\"post\" enctype=\"multipart\/form-data\" action=\"\/en\/wp-json\/wp\/v2\/pages\/3786\" data-token=\"ccbbe1648240d45cd7c6be808ba5d794\"><noscript class=\"wpforms-error-noscript\">Please enable JavaScript in your browser to complete this form.<\/noscript><div class=\"wpforms-field-container\"><div id=\"wpforms-3787-field_0-container\" class=\"wpforms-field wpforms-field-name\" data-field-id=\"0\"><label class=\"wpforms-field-label\" for=\"wpforms-3787-field_0\">Az \u00d6n neve <span class=\"wpforms-required-label\">*<\/span><\/label><div class=\"wpforms-field-row wpforms-field-medium\"><div class=\"wpforms-field-row-block wpforms-first wpforms-one-half\"><input type=\"text\" id=\"wpforms-3787-field_0\" class=\"wpforms-field-name-first wpforms-field-required\" name=\"wpforms[fields][0][first]\" required><label for=\"wpforms-3787-field_0\" class=\"wpforms-field-sublabel after \">First<\/label><\/div><div class=\"wpforms-field-row-block wpforms-one-half\"><input type=\"text\" id=\"wpforms-3787-field_0-last\" class=\"wpforms-field-name-last wpforms-field-required\" name=\"wpforms[fields][0][last]\" required><label for=\"wpforms-3787-field_0-last\" class=\"wpforms-field-sublabel after \">Last<\/label><\/div><\/div><\/div><div id=\"wpforms-3787-field_1-container\" class=\"wpforms-field wpforms-field-email\" data-field-id=\"1\"><label class=\"wpforms-field-label\" for=\"wpforms-3787-field_1\">E-mail <span class=\"wpforms-required-label\">*<\/span><\/label><input type=\"email\" id=\"wpforms-3787-field_1\" class=\"wpforms-field-medium wpforms-field-required\" name=\"wpforms[fields][1]\" required><\/div><div id=\"wpforms-3787-field_2-container\" class=\"wpforms-field wpforms-field-textarea\" data-field-id=\"2\"><label class=\"wpforms-field-label\" for=\"wpforms-3787-field_2\">\u00dczenet:<\/label><textarea id=\"wpforms-3787-field_2\" class=\"wpforms-field-medium\" name=\"wpforms[fields][2]\" ><\/textarea><\/div><\/div><div class=\"wpforms-submit-container\"><input type=\"hidden\" name=\"wpforms[id]\" value=\"3787\"><input type=\"hidden\" name=\"wpforms[author]\" value=\"1\"><button type=\"submit\" name=\"wpforms[submit]\" id=\"wpforms-submit-3787\" class=\"wpforms-submit\" data-alt-text=\"k\u00fcld\u00e9s...\" data-submit-text=\"K\u00fcld\u00e9s\" aria-live=\"assertive\" value=\"wpforms-submit\">K\u00fcld\u00e9s<\/button><\/div><\/form><\/div>  <!-- .wpforms-container -->\n\t\t\t<\/div> \n\t\t<\/div>\n\t<\/div> \n\n\t<div  class=\"vc_col-sm-6 wpb_column column_container vc_column_container col no-extra-padding inherit_tablet inherit_phone \"  data-padding-pos=\"all\" data-has-bg-color=\"false\" data-bg-color=\"\" data-bg-opacity=\"1\" data-animation=\"\" data-delay=\"0\" >\n\t\t<div class=\"vc_column-inner\" >\n\t\t\t<div class=\"wpb_wrapper\">\n\t\t\t\t\n<div class=\"wpb_text_column wpb_content_element \" >\n\t<div class=\"wpb_wrapper\">\n\t\t<h3>Zwack Unicum Nyrt.<\/h3>\n<p>Magyarorsz\u00e1g 1095 Budapest, Soroks\u00e1ri \u00fat 26.<\/p>\n<p><strong>Tel:<\/strong> +36 1 476 23 00<br \/>\n<strong>E-mail:<\/strong><a href=\"mailto:export@zwackunicum.hu\"> export@zwackunicum.hu<\/a><br \/>\n<strong>Web:<\/strong> <a href=\"http:\/\/zwackunicum.hu\">zwackunicum.hu<\/a><br \/>\n<strong><a href=\"https:\/\/www.instagram.com\/unicumofficial\/\">Instagram<\/a>: @UNICUMOFFICIAL<\/strong><\/p>\n\t<\/div>\n<\/div>\n\n\n\n<div class=\"divider-wrap\" data-alignment=\"default\"><div style=\"margin-top: 1.5px; height: 1px; margin-bottom: 1.5px;\" data-width=\"100%\" data-animate=\"yes\" data-animation-delay=\"\" data-color=\"extra-color-1\" class=\"divider-border\"><\/div><\/div>\n\t\t\t<\/div> \n\t\t<\/div>\n\t<\/div> \n<\/div><\/div>\n","protected":false},"excerpt":{"rendered":"K\u00f6sz\u00f6nj\u00fck \u00e9rdekl\u0151d\u00e9s\u00e9t v\u00e1llalatunk \u00e9s term\u00e9keink ir\u00e1nt, k\u00e9rj\u00fck, olvassa el r\u00f6vid t\u00e1j\u00e9koztat\u00f3nkat a lehets\u00e9ges egy\u00fcttm\u0171k\u00f6d\u00e9s felt\u00e9teleir\u0151l! &nbsp; &nbsp; C\u00e9lunk a hossz\u00fat\u00e1v\u00fa egy\u00fcttm\u0171k\u00f6d\u00e9s kialak\u00edt\u00e1sa, melyhez elengedhetetlen az elk\u00f6telezetts\u00e9g, piacismeret \u00e9s megb\u00edzhat\u00f3s\u00e1g Kiz\u00e1r\u00f3lagos...","protected":false},"author":1,"featured_media":0,"parent":0,"menu_order":0,"comment_status":"closed","ping_status":"closed","template":"","meta":{"footnotes":""},"class_list":["post-3786","page","type-page","status-publish"],"_links":{"self":[{"href":"https:\/\/zwackexport.hu\/en\/wp-json\/wp\/v2\/pages\/3786","targetHints":{"allow":["GET"]}}],"collection":[{"href":"https:\/\/zwackexport.hu\/en\/wp-json\/wp\/v2\/pages"}],"about":[{"href":"https:\/\/zwackexport.hu\/en\/wp-json\/wp\/v2\/types\/page"}],"author":[{"embeddable":true,"href":"https:\/\/zwackexport.hu\/en\/wp-json\/wp\/v2\/users\/1"}],"replies":[{"embeddable":true,"href":"https:\/\/zwackexport.hu\/en\/wp-json\/wp\/v2\/comments?post=3786"}],"version-history":[{"count":21,"href":"https:\/\/zwackexport.hu\/en\/wp-json\/wp\/v2\/pages\/3786\/revisions"}],"predecessor-version":[{"id":4067,"href":"https:\/\/zwackexport.hu\/en\/wp-json\/wp\/v2\/pages\/3786\/revisions\/4067"}],"wp:attachment":[{"href":"https:\/\/zwackexport.hu\/en\/wp-json\/wp\/v2\/media?parent=3786"}],"curies":[{"name":"wp","href":"https:\/\/api.w.org\/{rel}","templated":true}]}}