{"id":3595,"date":"2024-03-04T08:44:31","date_gmt":"2024-03-04T08:44:31","guid":{"rendered":"https:\/\/zwackexport.hu\/?page_id=3595"},"modified":"2024-03-04T08:44:31","modified_gmt":"2024-03-04T08:44:31","slug":"cookie-szabalyzat","status":"publish","type":"page","link":"https:\/\/zwackexport.hu\/en\/cookie-szabalyzat\/","title":{"rendered":"Cookie szab\u00e1lyzat"},"content":{"rendered":"<div id=\"fws_69f479f953b86\"  data-column-margin=\"default\" data-midnight=\"dark\" data-top-percent=\"2%\" data-bottom-percent=\"2%\"  class=\"wpb_row vc_row-fluid vc_row\"  style=\"padding-top: calc(100vw * 0.02); padding-bottom: calc(100vw * 0.02); \"><div class=\"row-bg-wrap\" data-bg-animation=\"none\" data-bg-animation-delay=\"\" data-bg-overlay=\"false\"><div class=\"inner-wrap row-bg-layer\" ><div class=\"row-bg viewport-desktop\"  style=\"\"><\/div><\/div><\/div><div class=\"row_col_wrap_12 col span_12 dark left\">\n\t<div  class=\"vc_col-sm-3 wpb_column column_container vc_column_container col no-extra-padding inherit_tablet inherit_phone\"  data-padding-pos=\"all\" data-has-bg-color=\"false\" data-bg-color=\"\" data-bg-opacity=\"1\" data-animation=\"\" data-delay=\"0\" >\n\t\t<div class=\"vc_column-inner\" >\n\t\t\t<div class=\"wpb_wrapper\">\n\t\t\t\t\n\t\t\t<\/div> \n\t\t<\/div>\n\t<\/div> \n\n\t<div  class=\"vc_col-sm-6 wpb_column column_container vc_column_container col no-extra-padding inherit_tablet inherit_phone\"  data-padding-pos=\"all\" data-has-bg-color=\"false\" data-bg-color=\"\" data-bg-opacity=\"1\" data-animation=\"\" data-delay=\"0\" >\n\t\t<div class=\"vc_column-inner\" >\n\t\t\t<div class=\"wpb_wrapper\">\n\t\t\t\t\n<div class=\"wpb_text_column wpb_content_element\" >\n\t<div class=\"wpb_wrapper\">\n\t\t<p>Az al\u00e1bbiak meghat\u00e1rozz\u00e1k a &#8222;cookie&#8221;-k fogalm\u00e1t \u00e9s \u00f6sszefoglalj\u00e1k a k\u00fcl\u00f6nb\u00f6z\u0151 t\u00edpus\u00fa cookie-kat, amiket a www.zwackunicum.hu webhelyen haszn\u00e1lunk vagy haszn\u00e1lhatunk, valamint azok c\u00e9ljait \u00e9s \u00e9lettartam\u00e1t (vagyis, hogy milyen sok\u00e1ig marad egy &#8222;cookie&#8221; az \u00d6n eszk\u00f6z\u00e9n).<\/p>\n<ol>\n<li>\n<h2>Mik azok a &#8222;cookie&#8221;-k?<\/h2>\n<p>A cookie-k olyan f\u00e1jlok, inform\u00e1ci\u00f3darabok, amelyek a sz\u00e1m\u00edt\u00f3g\u00e9p\u00e9n t\u00e1rol\u00f3dnak (vagy m\u00e1s internet k\u00e9pes eszk\u00f6z\u00f6k\u00f6n, pl. okostelefonon vagy t\u00e1blag\u00e9pen), amikor \u00d6n megl\u00e1togatja a www.zwackunicum.hu webhelyet. Egy cookie \u00e1ltal\u00e1ban tartalmazza a webhely nev\u00e9t, ahonnan a cookie j\u00f6tt, a cookie &#8222;\u00e9lettartam\u00e1t&#8221; (vagyis, hogy milyen hosszan marad az eszk\u00f6z\u00e9n) \u00e9s az \u00e9rt\u00e9k\u00e9t, ami \u00e1ltal\u00e1ban egy v\u00e9letlenszer\u0171en gener\u00e1lt egyedi sz\u00e1m.<\/li>\n<li>\n<h2>Mire haszn\u00e1ljuk a &#8222;cookie&#8221;-kat?<\/h2>\n<p>A cookie-kat arra haszn\u00e1ljuk, hogy a www.zwackunicum.hu webhelyet k\u00f6nnyebben lehessen haszn\u00e1lni, \u00edgy az jobb felhaszn\u00e1l\u00f3i \u00e9lm\u00e9nyt ny\u00fajtson \u00d6nnek. Arra is haszn\u00e1ljuk a cookie-kat, hogy anonim, \u00f6sszes\u00edtett statisztik\u00e1kat k\u00e9sz\u00edts\u00fcnk, amelyekkel jobban meg\u00e9rtj\u00fck, hogy hogyan haszn\u00e1lj\u00e1k a www.zwackunicum.hu webhelyet \u00e9s, hogy seg\u00edtsenek nek\u00fcnk jav\u00edtani annak strukt\u00far\u00e1j\u00e1t \u00e9s tartalm\u00e1t. Ebb\u0151l az inform\u00e1ci\u00f3b\u00f3l nem tudjuk \u00d6nt szem\u00e9ly szerint azonos\u00edtani.<\/p>\n<p>Amennyiben a jelen &#8222;cookie&#8221; szab\u00e1lyzatot elfogadja, azt szint\u00e9n cookie-ban t\u00e1roljuk.<\/li>\n<li>\n<h2>Milyen t\u00edpus\u00fa &#8222;cookie&#8221;-kat haszn\u00e1lunk?<\/h2>\n<p>A www.zwackunicum.hu webhelyen &#8222;session cookie&#8221;-kat haszn\u00e1lunk, amelyek nem &#8222;\u00e1lland\u00f3 cookie&#8221;-k. Ez a cookie olyan &#8222;session cookie&#8221;, amelyik a bejelentkezett felhaszn\u00e1l\u00f3t azonos\u00edtja a webhely haszn\u00e1lat\u00e1nak tartama alatt \u00e9s a webhely elhagy\u00e1s\u00e1t k\u00f6vet\u0151 2 \u00f3r\u00e1n bel\u00fcl ez a cookie t\u00f6rl\u0151dik az \u00d6n g\u00e9p\u00e9r\u0151l.<\/p>\n<p>Amikor megl\u00e1togatja a webhelyet, olyan cookie is tal\u00e1lhat\u00f3 a honlapon, amelyet nem a megl\u00e1togatott honlapot m\u0171k\u00f6dtet\u0151 adatkezel\u0151 helyez el, hanem a Google Analytics, adatelemz\u00e9si c\u00e9lb\u00f3l. Ilyen m\u00f3don a felhaszn\u00e1l\u00f3i szok\u00e1sokr\u00f3l kaphatunk k\u00e9pet. A Google adatv\u00e9delmi gyakorlat\u00e1r\u00f3l b\u0151vebb inform\u00e1ci\u00f3t a\u00a0<a href=\"http:\/\/www.google.com\/policies\/privacy\" target=\"_blank\" rel=\"noopener\">http:\/\/www.google.com\/policies\/privacy<\/a>\u00a0oldalon tal\u00e1lhat.<\/li>\n<li>\n<h2>A &#8222;cookie&#8221;-k kikapcsol\u00e1sa<\/h2>\n<p>A legt\u00f6bb internet b\u00f6ng\u00e9sz\u0151 kezdetben arra van be\u00e1ll\u00edtva, hogy elfogadja a cookie-kat. Megv\u00e1ltoztathatja a be\u00e1ll\u00edt\u00e1sokat \u00fagy, hogy blokkolja a cookie-kat, illetve figyelmeztet\u00e9st k\u00e9rhet, amikor cookie-kat \u00e1ll\u00edtanak be az eszk\u00f6z\u00e9n. Sz\u00e1mos m\u00f3dja van a cookie-k kezel\u00e9s\u00e9nek. K\u00e9rj\u00fck, hogy n\u00e9zze meg a b\u00f6ng\u00e9sz\u0151 inform\u00e1ci\u00f3kat vagy a seg\u00edts\u00e9g oldalt, ha t\u00f6bbet k\u00edv\u00e1n megtudni a b\u00f6ng\u00e9sz\u0151 be\u00e1ll\u00edt\u00e1sokr\u00f3l \u00e9s azok m\u00f3dos\u00edt\u00e1s\u00e1r\u00f3l.<\/p>\n<p>Ha kikapcsolja az \u00e1ltalunk haszn\u00e1lt cookie-kat, annak hat\u00e1sa lehet az \u00e9lm\u00e9nyre, am\u00edg a www.zwackunicum.hu webhelyen van.<\/p>\n<p>Ha k\u00fcl\u00f6nb\u00f6z\u0151 eszk\u00f6z\u00f6ket haszn\u00e1l a webhely megtekint\u00e9s\u00e9re \u00e9s el\u00e9r\u00e9s\u00e9re (pl. sz\u00e1m\u00edt\u00f3g\u00e9p, okostelefon, tablet, stb.) gy\u0151z\u0151dj\u00f6n meg r\u00f3la, hoyg minden egyes b\u00f6ng\u00e9sz\u0151 azokon az eszk\u00f6z\u00f6k\u00f6n az \u00d6n cookie ig\u00e9nyeinek megfelel\u0151en van be\u00e1ll\u00edtva.<\/p>\n<p>AZ al\u00e1bbi linkeken tal\u00e1lhat indorm\u00e1ci\u00f3t a &#8222;cookie&#8221; be\u00e1ll\u00edt\u00e1s\u00e1val kapcsolatban.<\/p>\n<table>\n<thead>\n<tr>\n<th>B\u00f6ng\u00e9sz\u0151<\/th>\n<th>Hivatkoz\u00e1s<\/th>\n<\/tr>\n<\/thead>\n<tbody>\n<tr>\n<td>Chrome<\/td>\n<td><a href=\"https:\/\/support.google.com\/chrome\/answer\/95647?co=GENIE.Platform%3DDesktop&amp;hl=hu\" target=\"_blank\" rel=\"noopener\">https:\/\/support.google.com\/chrome\/answer\/95647?co=GENIE.Platform%3DDesktop&amp;hl=hu<\/a><\/td>\n<\/tr>\n<tr>\n<td>Firefox<\/td>\n<td><a href=\"https:\/\/support.mozilla.org\/hu\/kb\/sutik-engedelyezese-es-tiltasa-amit-weboldak-haszn\" target=\"_blank\" rel=\"noopener\">https:\/\/support.mozilla.org\/hu\/kb\/sutik-engedelyezese-es-tiltasa-amit-weboldak-haszn<\/a><\/td>\n<\/tr>\n<tr>\n<td>Opera<\/td>\n<td><a href=\"https:\/\/www.opera.com\/help\/tutorials\/security\/privacy\/\" target=\"_blank\" rel=\"noopener\">https:\/\/www.opera.com\/help\/tutorials\/security\/privacy\/<\/a><\/td>\n<\/tr>\n<tr>\n<td>Edge<\/td>\n<td><a href=\"https:\/\/privacy.microsoft.com\/hu-hu\/windows-10-microsoft-edge-and-privacy\" target=\"_blank\" rel=\"noopener\">https:\/\/privacy.microsoft.com\/hu-hu\/windows-10-microsoft-edge-and-privacy<\/a><\/td>\n<\/tr>\n<tr>\n<td>Internet Explorer<\/td>\n<td><a href=\"https:\/\/support.microsoft.com\/hu-hu\/help\/17442\/windows-internet-explorer-delete-manage-cookies\" target=\"_blank\" rel=\"noopener\">https:\/\/support.microsoft.com\/hu-hu\/help\/17442\/windows-internet-explorer-delete-manage-cookies<\/a><\/td>\n<\/tr>\n<tr>\n<td>Safari<\/td>\n<td><a href=\"https:\/\/support.apple.com\/hu-hu\/guide\/safari\/manage-cookies-and-website-data-sfri11471\/mac\" target=\"_blank\" rel=\"noopener\">https:\/\/support.apple.com\/hu-hu\/guide\/safari\/manage-cookies-and-website-data-sfri11471\/mac<\/a><\/td>\n<\/tr>\n<\/tbody>\n<\/table>\n<\/li>\n<li>\n<h2>Hozz\u00e1j\u00e1rul\u00e1s<\/h2>\n<p>A www.zwackunicum.hu webhely haszn\u00e1lat\u00e1val \u00d6n hozz\u00e1j\u00e1rul\u00e1s\u00e1t adja ahhoz, hogy cookie-kat haszn\u00e1ljunk a fentieknek megfelel\u0151en. Ha nem \u00e9rt egyet a cookie-k ilyen m\u00f3don t\u00f6rt\u00e9n\u0151 haszn\u00e1lat\u00e1val, k\u00e9rj\u00fck, b\u00f6ng\u00e9sz\u0151j\u00e9t ennek megfelel\u0151en \u00e1ll\u00edtsa be, vagy ne haszn\u00e1lja a www.zwackunicum.hu webhelyet. Ha kikapcsolja a cookie-kat, amiket haszn\u00e1lunk, annak hat\u00e1sa lehet a www.zwackunicum.hu webhelyen tapasztalt felhaszn\u00e1l\u00f3i \u00e9lm\u00e9ny\u00e9re.<\/li>\n<li>\n<h2>El\u00e9rhet\u0151s\u00e9g<\/h2>\n<p>Amennyiben k\u00e9rd\u00e9se mer\u00fclne fel a fentiekkel kapcsolatban, akkor az al\u00e1bbi el\u00e9rhet\u0151s\u00e9geken veheti fel vel\u00fcnk a kapcsolatot:<\/p>\n<table>\n<tbody>\n<tr>\n<th>A Zwack bejegyzett sz\u00e9khelye:<\/th>\n<td>1095 Budapest, Soroks\u00e1ri \u00fat 26.<\/td>\n<\/tr>\n<tr>\n<th>Email c\u00edm:<\/th>\n<td><a href=\"mailto:adatvedelem@zwackunicum.hu\">adatvedelem@zwackunicum.hu<\/a><\/td>\n<\/tr>\n<tr>\n<th>K\u00f6zponti telefonsz\u00e1m:<\/th>\n<td><a href=\"tel:+3614565200\">+36 1 456-5200<\/a><\/td>\n<\/tr>\n<\/tbody>\n<\/table>\n<\/li>\n<\/ol>\n\t<\/div>\n<\/div>\n\n\n\n\n\t\t\t<\/div> \n\t\t<\/div>\n\t<\/div> \n\n\t<div  class=\"vc_col-sm-3 wpb_column column_container vc_column_container col no-extra-padding inherit_tablet inherit_phone\"  data-padding-pos=\"all\" data-has-bg-color=\"false\" data-bg-color=\"\" data-bg-opacity=\"1\" data-animation=\"\" data-delay=\"0\" >\n\t\t<div class=\"vc_column-inner\" >\n\t\t\t<div class=\"wpb_wrapper\">\n\t\t\t\t\n\t\t\t<\/div> \n\t\t<\/div>\n\t<\/div> \n<\/div><\/div>","protected":false},"excerpt":{"rendered":"Az al\u00e1bbiak meghat\u00e1rozz\u00e1k a \"cookie\"-k fogalm\u00e1t \u00e9s \u00f6sszefoglalj\u00e1k a k\u00fcl\u00f6nb\u00f6z\u0151 t\u00edpus\u00fa cookie-kat, amiket a www.zwackunicum.hu webhelyen haszn\u00e1lunk vagy haszn\u00e1lhatunk, valamint azok c\u00e9ljait \u00e9s \u00e9lettartam\u00e1t (vagyis, hogy milyen sok\u00e1ig marad egy...","protected":false},"author":1,"featured_media":0,"parent":0,"menu_order":0,"comment_status":"closed","ping_status":"closed","template":"","meta":{"footnotes":""},"class_list":["post-3595","page","type-page","status-publish"],"_links":{"self":[{"href":"https:\/\/zwackexport.hu\/en\/wp-json\/wp\/v2\/pages\/3595","targetHints":{"allow":["GET"]}}],"collection":[{"href":"https:\/\/zwackexport.hu\/en\/wp-json\/wp\/v2\/pages"}],"about":[{"href":"https:\/\/zwackexport.hu\/en\/wp-json\/wp\/v2\/types\/page"}],"author":[{"embeddable":true,"href":"https:\/\/zwackexport.hu\/en\/wp-json\/wp\/v2\/users\/1"}],"replies":[{"embeddable":true,"href":"https:\/\/zwackexport.hu\/en\/wp-json\/wp\/v2\/comments?post=3595"}],"version-history":[{"count":1,"href":"https:\/\/zwackexport.hu\/en\/wp-json\/wp\/v2\/pages\/3595\/revisions"}],"predecessor-version":[{"id":3596,"href":"https:\/\/zwackexport.hu\/en\/wp-json\/wp\/v2\/pages\/3595\/revisions\/3596"}],"wp:attachment":[{"href":"https:\/\/zwackexport.hu\/en\/wp-json\/wp\/v2\/media?parent=3595"}],"curies":[{"name":"wp","href":"https:\/\/api.w.org\/{rel}","templated":true}]}}